{"id":99,"date":"2021-03-24T17:25:47","date_gmt":"2021-03-24T17:25:47","guid":{"rendered":"http:\/\/gabrielagoncalves.com\/2021\/?page_id=99"},"modified":"2024-04-18T16:31:26","modified_gmt":"2024-04-18T16:31:26","slug":"livros","status":"publish","type":"page","link":"http:\/\/gabrielagoncalves.com\/2021\/livros\/","title":{"rendered":"Livros"},"content":{"rendered":"\n<div class=\"wp-block-media-text alignwide has-media-on-the-right is-stacked-on-mobile\" style=\"grid-template-columns:auto 36%\"><div class=\"wp-block-media-text__content\">\n<h2 class=\"wp-block-heading\">A \u00c1gua da Primeira Pedra<\/h2>\n\n\n\n<p>Neste livro est\u00e3o 44 poemas + 1 conto:<br>Poemas e reflex\u00f5es inquietas que sugerem paisagens e questionamentos de hoje e de todos os tempos.<br>Um conto que descreve o que acontece nas cartas partilhadas entre 4 mulheres que vivem do sentir e da incans\u00e1vel busca sobre si, sobre as rela\u00e7\u00f5es e sobre o que \u00e9 viver no mundo de hoje.<\/p>\n\n\n\n<p>Um livro que fala de for\u00e7as de quebra e transforma\u00e7\u00e3o.<br>Da atualidade e da emo\u00e7\u00e3o, tamb\u00e9m.<\/p>\n\n\n\n<p>Edi\u00e7\u00e3o de autor<br>2022<\/p>\n\n\n\n<p>18\u20ac + 2\u20ac portes de envio<\/p>\n<\/div><figure class=\"wp-block-media-text__media\"><img loading=\"lazy\" decoding=\"async\" width=\"960\" height=\"1024\" src=\"http:\/\/gabrielagoncalves.com\/2021\/wp-content\/uploads\/2024\/04\/IMG_3948_-960x1024.jpg\" alt=\"\" class=\"wp-image-1827 size-full\" srcset=\"http:\/\/gabrielagoncalves.com\/2021\/wp-content\/uploads\/2024\/04\/IMG_3948_-960x1024.jpg 960w, http:\/\/gabrielagoncalves.com\/2021\/wp-content\/uploads\/2024\/04\/IMG_3948_-281x300.jpg 281w, http:\/\/gabrielagoncalves.com\/2021\/wp-content\/uploads\/2024\/04\/IMG_3948_-768x819.jpg 768w, http:\/\/gabrielagoncalves.com\/2021\/wp-content\/uploads\/2024\/04\/IMG_3948_-11x12.jpg 11w, http:\/\/gabrielagoncalves.com\/2021\/wp-content\/uploads\/2024\/04\/IMG_3948_.jpg 1412w\" sizes=\"auto, (max-width: 960px) 100vw, 960px\" \/><\/figure><\/div>\n\n\n\n<hr class=\"wp-block-separator has-css-opacity alignfull\"\/>\n\n\n\n<div class=\"wp-block-media-text alignwide is-stacked-on-mobile is-vertically-aligned-center is-style-default\" style=\"grid-template-columns:35% auto\"><figure class=\"wp-block-media-text__media\"><img loading=\"lazy\" decoding=\"async\" width=\"1024\" height=\"1013\" src=\"http:\/\/gabrielagoncalves.com\/2021\/wp-content\/uploads\/2024\/04\/IMG_3944_-1024x1013.jpg\" alt=\"\" class=\"wp-image-1826 size-full\" srcset=\"http:\/\/gabrielagoncalves.com\/2021\/wp-content\/uploads\/2024\/04\/IMG_3944_-1024x1013.jpg 1024w, http:\/\/gabrielagoncalves.com\/2021\/wp-content\/uploads\/2024\/04\/IMG_3944_-300x297.jpg 300w, http:\/\/gabrielagoncalves.com\/2021\/wp-content\/uploads\/2024\/04\/IMG_3944_-768x760.jpg 768w, http:\/\/gabrielagoncalves.com\/2021\/wp-content\/uploads\/2024\/04\/IMG_3944_-12x12.jpg 12w, http:\/\/gabrielagoncalves.com\/2021\/wp-content\/uploads\/2024\/04\/IMG_3944_-100x100.jpg 100w, http:\/\/gabrielagoncalves.com\/2021\/wp-content\/uploads\/2024\/04\/IMG_3944_.jpg 1524w\" sizes=\"auto, (max-width: 1024px) 100vw, 1024px\" \/><\/figure><div class=\"wp-block-media-text__content\">\n<h2 class=\"wp-block-heading has-text-align-left\">O corpo no movimento de cria\u00e7\u00e3o<\/h2>\n\n\n\n<p>Este trabalho \u00e9 um corpo de pensamento filos\u00f3fico e po\u00e9tico de car\u00e1cter pessoal, que tem o intuito de ir desvendando temas do corpo, da percep\u00e7\u00e3o, do tempo, do movimento e do ato de cria\u00e7\u00e3o.<\/p>\n\n\n\n<p>Seguindo uma linha evolutiva que interliga estes e outros temas, tem como base uma pesquisa acad\u00e9mica que recorre a conceitos desenvolvidos por outros pensadores (Bergson, Deleuze e Jos\u00e9 Gil) e que forma uma mat\u00e9ria de interesse a artistas, bailarinos, pensadores, poetas e criadores que est\u00e3o imediatamente envolvidos no contexto art\u00edstico, mas tamb\u00e9m a todos aqueles que s\u00e3o potenciais criadores e agentes de vida, ou seja todos aqueles que t\u00eam um corpo pensante e atuante &#8211; e isso \u00e9 inerente a todos os seres humanos.<br>H\u00e1 uma unidade que nos une enquanto seres.<br>Comunica um momento aberto, sem pretender ser conclusivo e onde se deixa que as sensa\u00e7\u00f5es e emo\u00e7\u00f5es que nele surgem estejam presentes e comuniquem o corpo, o pensar, o agir e o que est\u00e1 por vir. A vida cria e nela estamos constantemente numa reinven\u00e7\u00e3o de n\u00f3s pr\u00f3prios e numa busca de aumentar as nossas pot\u00eancias de agir.<\/p>\n\n\n\n<p>De uma forma livre e quase espont\u00e2nea, simples e acess\u00edvel, \u00e9 uma breve viagem que pretende mostrar que quem habita um corpo est\u00e1 em constante movimento de cria\u00e7\u00e3o.<\/p>\n\n\n\n<p>Editora Appris<br>2019<\/p>\n\n\n\n<p>15\u20ac + 2\u20ac portes de envio<br><\/p>\n<\/div><\/div>\n\n\n\n<hr class=\"wp-block-separator has-css-opacity alignfull\"\/>\n\n\n\n<div class=\"wp-block-media-text alignwide has-media-on-the-right is-stacked-on-mobile is-style-default\" style=\"grid-template-columns:auto 30%\"><div class=\"wp-block-media-text__content\">\n<h2 class=\"wp-block-heading\">S\u00c1BIAMAR<\/h2>\n\n\n\n<p> &#8220;S\u00e1biamar era uma velha menina mulher que vivia \u00e0 beira mar, e era nesse lugar \u00e0 beira mar que ela fazia tudo o que queria ao longo do dia, e onde \u00e0 noite ia descansar. Vivia tranquilamente e sentia algo diferente a cada momento.&#8221;<\/p>\n\n\n\n<p>Um conto po\u00e9tico e filos\u00f3fico para crian\u00e7as e adultos, onde a paisagem sensorial predomina e envolve o leitor, trazendo-o de volta \u00e0s coisas simples, belas e naturais da vida.<\/p>\n\n\n\n<p>Edi\u00e7\u00e3o de autor<br>2020<\/p>\n\n\n\n<p>16\u20ac + 2\u20ac portes de envio<\/p>\n\n\n\n<p>Dispon\u00edvel em portugu\u00eas e ingl\u00eas<\/p>\n<\/div><figure class=\"wp-block-media-text__media\"><img loading=\"lazy\" decoding=\"async\" width=\"578\" height=\"1024\" src=\"http:\/\/gabrielagoncalves.com\/2021\/wp-content\/uploads\/2021\/04\/sabiamar-gabriela-goncalves-3-578x1024.jpg\" alt=\"\" class=\"wp-image-1109 size-full\" srcset=\"http:\/\/gabrielagoncalves.com\/2021\/wp-content\/uploads\/2021\/04\/sabiamar-gabriela-goncalves-3-578x1024.jpg 578w, http:\/\/gabrielagoncalves.com\/2021\/wp-content\/uploads\/2021\/04\/sabiamar-gabriela-goncalves-3-169x300.jpg 169w, http:\/\/gabrielagoncalves.com\/2021\/wp-content\/uploads\/2021\/04\/sabiamar-gabriela-goncalves-3.jpg 600w\" sizes=\"auto, (max-width: 578px) 100vw, 578px\" \/><\/figure><\/div>\n\n\n\n<hr class=\"wp-block-separator has-css-opacity alignfull\"\/>\n\n\n\n<div class=\"wp-block-media-text alignwide is-stacked-on-mobile is-vertically-aligned-center is-style-default\" style=\"grid-template-columns:35% auto\"><figure class=\"wp-block-media-text__media\"><img loading=\"lazy\" decoding=\"async\" width=\"963\" height=\"1024\" src=\"http:\/\/gabrielagoncalves.com\/2021\/wp-content\/uploads\/2024\/04\/IMG_3946_-963x1024.jpg\" alt=\"\" class=\"wp-image-1829 size-full\" srcset=\"http:\/\/gabrielagoncalves.com\/2021\/wp-content\/uploads\/2024\/04\/IMG_3946_-963x1024.jpg 963w, http:\/\/gabrielagoncalves.com\/2021\/wp-content\/uploads\/2024\/04\/IMG_3946_-282x300.jpg 282w, http:\/\/gabrielagoncalves.com\/2021\/wp-content\/uploads\/2024\/04\/IMG_3946_-768x817.jpg 768w, http:\/\/gabrielagoncalves.com\/2021\/wp-content\/uploads\/2024\/04\/IMG_3946_-11x12.jpg 11w, http:\/\/gabrielagoncalves.com\/2021\/wp-content\/uploads\/2024\/04\/IMG_3946_.jpg 1418w\" sizes=\"auto, (max-width: 963px) 100vw, 963px\" \/><\/figure><div class=\"wp-block-media-text__content\">\n<h2 class=\"wp-block-heading has-text-align-left\">Poemas para o corac\u0327a\u0303o das montanhas<\/h2>\n\n\n\n<p>Dentro de cada um de n\u00f3s existem poemas.<\/p>\n\n\n\n<p>Em cada acto, gesto ou toque que se permite que a sensibilidade e a intimidade da troca estejam presentes, algo de sagrado acontece.<br>A pele e a palavra comunicam o interior e o exterior.<br>Todos temos pele, palavra, toque e cora\u00e7\u00e3o. Assim como a sensibilidade e a for\u00e7a das montanhas, segurando a sabedoria desta terra viva.<br>Em presen\u00e7a e amor, nos movimentos da Natureza.<\/p>\n\n\n\n<p>H\u00e1 m\u00e3os que guardam na pele poemas.&nbsp;<br>Porque onde a Natureza se manifesta \u00e9 a forma onde a alma troca.<\/p>\n\n\n\n<p>22 poemas<\/p>\n\n\n\n<p>Edi\u00e7\u00e3o de autor, feito \u00e0 m\u00e3o. <br>2016<\/p>\n\n\n\n<p>N\u00e3o dispon\u00edvel para venda.<\/p>\n<\/div><\/div>\n\n\n\n<hr class=\"wp-block-separator has-css-opacity alignfull\"\/>\n\n\n\n<p class=\"has-text-color\" style=\"color:#73a071\"><strong>PARA COMPRAR: <\/strong>indicar o nome do livro + nome + morada<\/p>\n\n\n\n<div class=\"nectar-cta  alignment_tablet_default alignment_phone_default \" data-color=\"default\" data-using-bg=\"false\" data-display=\"block\" data-style=\"underline\" data-alignment=\"left\" data-text-color=\"custom\"><h2 style=\"color: #7a9977;\"> <span class=\"text\"> <\/span><span class=\"link_wrap\"><a class=\"link_text\" style=\"border-color: #7a9977;\" href=\"http:\/\/gabrielagoncalves.com\/2021\/contacto\/\">INFORMA\u00c7\u00d5ES E AQUISI\u00c7\u00d5ES<\/a><\/span><\/h2><\/div>\n","protected":false},"excerpt":{"rendered":"<p>A \u00c1gua da Primeira Pedra Neste livro est\u00e3o 44 poemas + 1 conto:Poemas e reflex\u00f5es inquietas que sugerem paisagens e questionamentos de hoje e de todos os tempos.Um conto que&#8230;<\/p>\n","protected":false},"author":1,"featured_media":0,"parent":0,"menu_order":0,"comment_status":"closed","ping_status":"closed","template":"","meta":{"footnotes":""},"class_list":["post-99","page","type-page","status-publish"],"_links":{"self":[{"href":"http:\/\/gabrielagoncalves.com\/2021\/wp-json\/wp\/v2\/pages\/99","targetHints":{"allow":["GET"]}}],"collection":[{"href":"http:\/\/gabrielagoncalves.com\/2021\/wp-json\/wp\/v2\/pages"}],"about":[{"href":"http:\/\/gabrielagoncalves.com\/2021\/wp-json\/wp\/v2\/types\/page"}],"author":[{"embeddable":true,"href":"http:\/\/gabrielagoncalves.com\/2021\/wp-json\/wp\/v2\/users\/1"}],"replies":[{"embeddable":true,"href":"http:\/\/gabrielagoncalves.com\/2021\/wp-json\/wp\/v2\/comments?post=99"}],"version-history":[{"count":36,"href":"http:\/\/gabrielagoncalves.com\/2021\/wp-json\/wp\/v2\/pages\/99\/revisions"}],"predecessor-version":[{"id":1831,"href":"http:\/\/gabrielagoncalves.com\/2021\/wp-json\/wp\/v2\/pages\/99\/revisions\/1831"}],"wp:attachment":[{"href":"http:\/\/gabrielagoncalves.com\/2021\/wp-json\/wp\/v2\/media?parent=99"}],"curies":[{"name":"wp","href":"https:\/\/api.w.org\/{rel}","templated":true}]}}