{"id":38,"date":"2021-03-21T21:33:55","date_gmt":"2021-03-21T21:33:55","guid":{"rendered":"http:\/\/gabrielagoncalves.com\/2021\/home\/"},"modified":"2024-04-19T07:05:14","modified_gmt":"2024-04-19T07:05:14","slug":"home","status":"publish","type":"page","link":"http:\/\/gabrielagoncalves.com\/2021\/","title":{"rendered":"Home"},"content":{"rendered":"\r\n\t\t<div id=\"fws_69dff4990807c\"  data-column-margin=\"default\" data-midnight=\"dark\"  class=\"wpb_row vc_row-fluid vc_row  \"  style=\"padding-top: 0px; padding-bottom: 0px; \"><div class=\"row-bg-wrap\" data-bg-animation=\"none\" data-bg-overlay=\"false\"><div class=\"inner-wrap\"><div class=\"row-bg\"  style=\"\"><\/div><\/div><\/div><div class=\"row_col_wrap_12 col span_12 dark left\">\n\t<div  class=\"vc_col-sm-12 wpb_column column_container vc_column_container col no-extra-padding inherit_tablet inherit_phone \"  data-padding-pos=\"all\" data-has-bg-color=\"false\" data-bg-color=\"\" data-bg-opacity=\"1\" data-animation=\"\" data-delay=\"0\" >\n\t\t<div class=\"vc_column-inner\" >\n\t\t\t<div class=\"wpb_wrapper\">\n\t\t\t\t<style type=\"text\/css\">#nectar-slider-instance-1, #nectar-slider-instance-1 .swiper-container { min-height: 250px; } <\/style><div  data-transition=\"slide\" data-overall_style=\"classic\" data-flexible-height=\"true\" data-animate-in-effect=\"none\" data-fullscreen=\"true\" data-button-sizing=\"regular\" data-button-styling=\"btn_with_count\" data-autorotate=\"5000\" data-parallax=\"false\" data-parallax-disable-mobile=\"\" data-caption-trans=\"fade_in_from_bottom\" data-parallax-style=\"bg_only\" data-bg-animation=\"none\" data-full-width=\"true\" class=\"nectar-slider-wrap \" id=\"nectar-slider-instance-1\"><div class=\"swiper-container\"  data-tho=\"auto\" data-tco=\"auto\" data-pho=\"auto\" data-pco=\"auto\" data-loop=\"false\" data-height=\"650\" data-min-height=\"250\" data-arrows=\"false\" data-bullets=\"true\" data-bullet_style=\"see_through\" data-bullet_position=\"bottom\" data-desktop-swipe=\"true\" data-settings=\"\"> <div class=\"swiper-wrapper\"><div class=\"swiper-slide\" data-desktop-content-width=\"auto\" data-tablet-content-width=\"auto\" data-bg-alignment=\"bottom\" data-color-scheme=\"light\" data-x-pos=\"left\" data-y-pos=\"middle\" ><div class=\"slide-bg-wrap\"><div class=\"image-bg\" style=\"background-image: url(http:\/\/gabrielagoncalves.com\/2021\/wp-content\/uploads\/2021\/06\/gabriela-goncalves-home-bg-3.jpg);\"> &nbsp; <\/div><\/div><div class=\"video-texture \"> <span class=\"ie-fix\"><\/span> <\/div><\/div> <!--\/swiper-slide--><div class=\"swiper-slide\" data-desktop-content-width=\"auto\" data-tablet-content-width=\"auto\" data-bg-alignment=\"center\" data-color-scheme=\"light\" data-x-pos=\"left\" data-y-pos=\"middle\" ><div class=\"slide-bg-wrap\"><div class=\"image-bg\" style=\"background-image: url(http:\/\/gabrielagoncalves.com\/2021\/wp-content\/uploads\/2024\/04\/IMG_3951_.jpg);\"> &nbsp; <\/div><\/div><div class=\"container\">\r\n\t\t\t\t\t\t<div class=\"content\"><h2>A \u00c1GUA DA PRIMEIRA PEDRA<\/h2><p  ><span>44 poemas e 1 conto.\r\n\r\nEdi\u00e7\u00e3o de autor.<\/span><\/p><\/div>\r\n\t\t\t\t\t\t\t\t<\/div><!--\/container--><div class=\"video-texture \"> <span class=\"ie-fix\"><\/span> <\/div><\/div> <!--\/swiper-slide--><div class=\"swiper-slide\" data-desktop-content-width=\"auto\" data-tablet-content-width=\"auto\" data-bg-alignment=\"center\" data-color-scheme=\"light\" data-x-pos=\"left\" data-y-pos=\"middle\" ><div class=\"slide-bg-wrap\"><div class=\"image-bg\" style=\"background-image: url(http:\/\/gabrielagoncalves.com\/2021\/wp-content\/uploads\/2022\/04\/DSCN0077.jpeg);\"> &nbsp; <\/div><\/div><div class=\"container\">\r\n\t\t\t\t\t\t<div class=\"content\"><h2>PELE: MAT\u00c9RIA E ALMA<\/h2><p  ><span>Uma mulher, a for\u00e7a e a fragilidade e o impacto da transforma\u00e7\u00e3o ambiental e humana.<\/span><\/p><\/div>\r\n\t\t\t\t\t\t\t\t<\/div><!--\/container--><div class=\"video-texture active_texture\"> <span class=\"ie-fix\"><\/span> <\/div><\/div> <!--\/swiper-slide--><\/div><div class=\"container normal-container slider-pagination-wrap\"><div class=\"slider-pagination\"><\/div><\/div><div class=\"nectar-slider-loading \"> <span class=\"loading-icon none\">   <\/span> <\/div> <\/div> \r\n\t\t\t\t\t\r\n\t\t\t\t\t<\/div>\r\n<div class=\"wpb_text_column wpb_content_element  vc_custom_1713277531418\" >\r\n\t<div class=\"wpb_wrapper\">\r\n\t\t<h4>A cria\u00e7\u00e3o \u00e9 algo que nasce de dentro, de uma rela\u00e7\u00e3o entre o interior e o exterior, o vazio e o todo &#8211; um mist\u00e9rio feito em vida, que tem a capacidade de transformar o mundo ao seu redor.<\/h4>\n<p>Situo-me em agenciamento com o mundo e a sua atualidade, em potencial de transforma\u00e7\u00e3o.<\/p>\n<p>Os meus trabalhos podem ser entendidos na rela\u00e7\u00e3o entre eles, atrav\u00e9s do solo eco-som\u00e1tico que os permeia e onde piso como corpo de mulher.<\/p>\n<p>Hoje, defino o meu trabalho em CRIA\u00c7\u00c3O &#8211; onde exponho as minhas obras e cria\u00e7\u00f5es art\u00edsticas de diferentes formas, onde estou como autora, criadora, pesquisadora e artista. E tamb\u00e9m na realiza\u00e7\u00e3o de servi\u00e7os que d\u00e3o APOIO \u00c0 CRIA\u00c7\u00c3O &#8211; onde estou para o outro como facilitadora de processos que ajudam a auto-cria\u00e7\u00e3o aut\u00eantica, natural e individual do ser, doula e cuidadora na assist\u00eancia ao nascimento e maternidade.<\/p>\n<p>A vida cria e nela estamos constantemente numa reinven\u00e7\u00e3o de n\u00f3s pr\u00f3prios e numa busca de expressar e aumentar as nossas pot\u00eancias de agir, sendo o corpo o caminho onde essa forma de movimento e cria\u00e7\u00e3o se d\u00e3o, at\u00e9 \u00e0 transcend\u00eancia de tudo isso para o encontro com algo unificado.<br \/>\nH\u00e1 uma unidade que nos une enquanto seres.<br \/>\nA alma celebra essa unidade.<\/p>\n<p>\u00c9 necess\u00e1rio dizer que este trabalho s\u00f3 existe pelo facto de que tudo o que \u00e9 descrito \u00e9 vivido num CORPO &#8211; o meu &#8211; tornando-se muitas vezes forma e objeto.<br \/>\nE \u00e9 no corpo que me encontro com o mais sagrado que me anima, um campo de possibilidades em profunda conex\u00e3o com a Natureza.<\/p>\n\t<\/div>\r\n<\/div>\r\n\r\n\r\n\r\n\n\t\t\t<\/div> \n\t\t<\/div>\n\t<\/div> \n<\/div><\/div>\r\n\t\t<div id=\"fws_69dff4991596b\"  data-column-margin=\"default\" data-midnight=\"dark\"  class=\"wpb_row vc_row-fluid vc_row  \"  style=\"padding-top: 0px; padding-bottom: 0px; \"><div class=\"row-bg-wrap\" data-bg-animation=\"none\" data-bg-overlay=\"false\"><div class=\"inner-wrap\"><div class=\"row-bg\"  style=\"\"><\/div><\/div><\/div><div class=\"row_col_wrap_12 col span_12 dark left\">\n\t<div  class=\"vc_col-sm-12 wpb_column column_container vc_column_container col no-extra-padding inherit_tablet inherit_phone \"  data-padding-pos=\"all\" data-has-bg-color=\"false\" data-bg-color=\"\" data-bg-opacity=\"1\" data-animation=\"\" data-delay=\"0\" >\n\t\t<div class=\"vc_column-inner\" >\n\t\t\t<div class=\"wpb_wrapper\">\n\t\t\t\t<div class=\"divider-wrap\" data-alignment=\"default\"><div style=\"height: 80px;\" class=\"divider\"><\/div><\/div>\r\n<div class=\"wpb_text_column wpb_content_element \" >\r\n\t<div class=\"wpb_wrapper\">\r\n\t\t<h2>CRIA\u00c7\u00c3O<\/h2>\n<p><strong><a href=\"http:\/\/gabrielagoncalves.com\/2021\/fotografia\/\">FOTOGRAFIA<\/a>\u00a0 \u00a0 <\/strong><strong><a href=\"http:\/\/gabrielagoncalves.com\/2021\/performance\/\">PERFORMANCE<\/a>\u00a0 \u00a0 <\/strong><strong><a href=\"http:\/\/gabrielagoncalves.com\/2021\/danca\/\">DAN\u00c7A<\/a><\/strong><strong>\u00a0 \u00a0\u00a0<\/strong><a href=\"http:\/\/gabrielagoncalves.com\/2021\/livros\/\"><strong>LIVROS<\/strong><\/a><\/p>\n<h2>APOIO \u00c0 CRIA\u00c7\u00c3O<\/h2>\n<p><strong><a href=\"https:\/\/gabrielagoncalves.com\/2021\/corpo-campo-fertil\/\">CORPO: CAMPO F\u00c9RTIL<\/a>\u00a0 \u00a0 <\/strong><strong><a href=\"http:\/\/gabrielagoncalves.com\/2021\/doula\/\">DOULA<\/a><\/strong><\/p>\n\t<\/div>\r\n<\/div>\r\n\r\n\r\n\r\n\n\t\t\t<\/div> \n\t\t<\/div>\n\t<\/div> \n<\/div><\/div>\r\n\t\t<div id=\"about\"  data-column-margin=\"90px\" data-midnight=\"dark\" data-top-percent=\"5%\" data-bottom-percent=\"5%\"  class=\"wpb_row vc_row-fluid vc_row  vc_row-o-equal-height vc_row-flex  vc_row-o-content-middle  \"  style=\"padding-top: calc(100vw * 0.05); padding-bottom: calc(100vw * 0.05); \"><div class=\"row-bg-wrap\" data-bg-animation=\"none\" data-bg-overlay=\"false\"><div class=\"inner-wrap\"><div class=\"row-bg\"  style=\"\"><\/div><\/div><\/div><div class=\"row_col_wrap_12 col span_12 dark left\">\n\t<div  class=\"vc_col-sm-6 wpb_column column_container vc_column_container col no-extra-padding inherit_tablet inherit_phone \"  data-padding-pos=\"all\" data-has-bg-color=\"false\" data-bg-color=\"\" data-bg-opacity=\"1\" data-animation=\"\" data-delay=\"0\" >\n\t\t<div class=\"vc_column-inner\" >\n\t\t\t<div class=\"wpb_wrapper\">\n\t\t\t\t<div class=\"img-with-aniamtion-wrap \" data-max-width=\"100%\" data-max-width-mobile=\"default\" data-shadow=\"none\" data-animation=\"grow-in\" >\r\n      <div class=\"inner\">\r\n        <div class=\"hover-wrap\"> \r\n          <div class=\"hover-wrap-inner\">\r\n            <img loading=\"lazy\" decoding=\"async\" class=\"img-with-animation skip-lazy \" data-delay=\"0\" height=\"960\" width=\"960\" data-animation=\"grow-in\" src=\"http:\/\/gabrielagoncalves.com\/2021\/wp-content\/uploads\/2021\/03\/IMG_1174.jpg\" alt=\"\" srcset=\"http:\/\/gabrielagoncalves.com\/2021\/wp-content\/uploads\/2021\/03\/IMG_1174.jpg 960w, http:\/\/gabrielagoncalves.com\/2021\/wp-content\/uploads\/2021\/03\/IMG_1174-300x300.jpg 300w, http:\/\/gabrielagoncalves.com\/2021\/wp-content\/uploads\/2021\/03\/IMG_1174-150x150.jpg 150w, http:\/\/gabrielagoncalves.com\/2021\/wp-content\/uploads\/2021\/03\/IMG_1174-768x768.jpg 768w\" sizes=\"auto, (min-width: 1450px) 75vw, (min-width: 1000px) 85vw, 100vw\" \/>\r\n          <\/div>\r\n        <\/div>\r\n      <\/div>\r\n    <\/div>\n\t\t\t<\/div> \n\t\t<\/div>\n\t<\/div> \n\n\t<div  class=\"vc_col-sm-6 wpb_column column_container vc_column_container col no-extra-padding inherit_tablet inherit_phone \"  data-padding-pos=\"all\" data-has-bg-color=\"false\" data-bg-color=\"\" data-bg-opacity=\"1\" data-animation=\"\" data-delay=\"0\" >\n\t\t<div class=\"vc_column-inner\" >\n\t\t\t<div class=\"wpb_wrapper\">\n\t\t\t\t\r\n<div class=\"wpb_text_column wpb_content_element \" >\r\n\t<div class=\"wpb_wrapper\">\r\n\t\t<p>GABRIELA GON\u00c7ALVES Artista transdisciplinar.<\/p>\n<p>Criadora e pesquisadora na \u00e1rea das artes e do corpo. \u00c9 formada em Artes-Pl\u00e1sticas e Fotografia pela ESAP (PT), encontrando-se com a Dan\u00e7a h\u00e1 mais de 30 anos, concluiu os seus estudos acad\u00e9micos na p\u00f3s-gradua\u00e7\u00e3o Corpo, Diferen\u00e7as e Educa\u00e7\u00e3o pela FAV (BR). Frequentou o Programa Avan\u00e7ado de Artes Performativas PACAP3 do F\u00f3rum Dan\u00e7a, e tem apresentado os seus trabalhos por diferentes pa\u00edses. Em 2022 foi artista convidada da Pulsar Cia de Dan\u00e7a (BR) e integrante do &#8220;Recovery Project&#8221; (RO).<\/p>\n<p>No seu percurso constam diferentes viagens, forma\u00e7\u00f5es, resid\u00eancias, exposi\u00e7\u00f5es, projetos e constantes buscas dentro da vertente art\u00edstica, educacional e social. O seu trabalho seja escrito, falado, perform\u00e1tico ou dan\u00e7ado, seja terap\u00eautico, de ritual ou de desenvolvimento pessoal t\u00eam como base os seus valores mais fortes que est\u00e3o ligados \u00e0 Natureza e \u00e0 sua forma de ver a cria\u00e7\u00e3o.<\/p>\n<p>Mulher atenta e de escuta sens\u00edvel, leva o seu trabalho tamb\u00e9m para a \u00e1rea da sa\u00fade natural feminina, da maternidade consciente, e do resgate do sens\u00edvel atrav\u00e9s do corpo, dos seus processos e comportamentos.<\/p>\n<p>Entusiasta da express\u00e3o, de colabora\u00e7\u00f5es criativas, da coragem e de transforma\u00e7\u00f5es respons\u00e1veis que elevem o potencial humano \u00e0 vibra\u00e7\u00e3o harmoniosa da Terra, acredita que os questionamentos profundos atrav\u00e9s da filosofia, da poesia, da espiritualidade, da arte, da ecologia e da vida t\u00eam uma conex\u00e3o intr\u00ednseca e indissoci\u00e1vel.<\/p>\n<h4><strong><a href=\"http:\/\/gabrielagoncalves.com\/2021\/wp-content\/uploads\/2023\/03\/cv_site.pdf\">CV<\/a><\/strong><\/h4>\n\t<\/div>\r\n<\/div>\r\n\r\n\r\n\r\n\n\t\t\t<\/div> \n\t\t<\/div>\n\t<\/div> \n<\/div><\/div>\n","protected":false},"excerpt":{"rendered":"","protected":false},"author":1,"featured_media":0,"parent":0,"menu_order":0,"comment_status":"closed","ping_status":"closed","template":"","meta":{"footnotes":""},"class_list":["post-38","page","type-page","status-publish"],"_links":{"self":[{"href":"http:\/\/gabrielagoncalves.com\/2021\/wp-json\/wp\/v2\/pages\/38","targetHints":{"allow":["GET"]}}],"collection":[{"href":"http:\/\/gabrielagoncalves.com\/2021\/wp-json\/wp\/v2\/pages"}],"about":[{"href":"http:\/\/gabrielagoncalves.com\/2021\/wp-json\/wp\/v2\/types\/page"}],"author":[{"embeddable":true,"href":"http:\/\/gabrielagoncalves.com\/2021\/wp-json\/wp\/v2\/users\/1"}],"replies":[{"embeddable":true,"href":"http:\/\/gabrielagoncalves.com\/2021\/wp-json\/wp\/v2\/comments?post=38"}],"version-history":[{"count":95,"href":"http:\/\/gabrielagoncalves.com\/2021\/wp-json\/wp\/v2\/pages\/38\/revisions"}],"predecessor-version":[{"id":1832,"href":"http:\/\/gabrielagoncalves.com\/2021\/wp-json\/wp\/v2\/pages\/38\/revisions\/1832"}],"wp:attachment":[{"href":"http:\/\/gabrielagoncalves.com\/2021\/wp-json\/wp\/v2\/media?parent=38"}],"curies":[{"name":"wp","href":"https:\/\/api.w.org\/{rel}","templated":true}]}}